{"id":1434,"date":"2023-03-24T23:29:28","date_gmt":"2023-03-24T20:29:28","guid":{"rendered":"https:\/\/klisemakinesi.com\/?post_type=product&#038;p=1434"},"modified":"2026-02-16T20:37:49","modified_gmt":"2026-02-16T17:37:49","slug":"klise-makinasi","status":"publish","type":"product","link":"https:\/\/klisemakinesi.com\/index.php\/product\/klise-makinasi\/","title":{"rendered":"Kli\u015fe Makinas\u0131"},"content":{"rendered":"<p style=\"text-align: center;\">S\u0131cak Kli\u015fe Makinas\u0131 | So\u011fuk Bask\u0131 Makinas\u0131 | C\u00fczdan \u0130sim Yazma Makinas\u0131 | Prin\u00e7 Harf Seti | Logo Bask\u0131 Makinas\u0131 | Kutu Bask\u0131 Makinas\u0131<\/p>\n","protected":false},"excerpt":{"rendered":"<p>S\u0131cak Kli\u015fe Makinas\u0131 | So\u011fuk Bask\u0131 Makinas\u0131 | C\u00fczdan \u0130sim Yazma Makinas\u0131 | Prin\u00e7 Harf Seti | Logo Bask\u0131 Makinas\u0131 | Kutu Bask\u0131 Makinas\u0131<\/p>\n","protected":false},"featured_media":1436,"comment_status":"open","ping_status":"closed","template":"","meta":{"rank_math_lock_modified_date":false,"site-sidebar-layout":"default","site-content-layout":"default","ast-global-header-display":"","ast-main-header-display":"","ast-hfb-above-header-display":"","ast-hfb-below-header-display":"","ast-hfb-mobile-header-display":"","site-post-title":"","ast-breadcrumbs-content":"","ast-featured-img":"","footer-sml-layout":"","theme-transparent-header-meta":"default","adv-header-id-meta":"","stick-header-meta":"","header-above-stick-meta":"","header-main-stick-meta":"","header-below-stick-meta":""},"product_cat":[21],"product_tag":[],"class_list":{"0":"post-1434","1":"product","2":"type-product","3":"status-publish","4":"has-post-thumbnail","6":"product_cat-makinalar","7":"desktop-align-left","8":"tablet-align-left","9":"mobile-align-left","11":"first","12":"instock","13":"sale","14":"taxable","15":"shipping-taxable","16":"purchasable","17":"product-type-simple"},"_links":{"self":[{"href":"https:\/\/klisemakinesi.com\/index.php\/wp-json\/wp\/v2\/product\/1434"}],"collection":[{"href":"https:\/\/klisemakinesi.com\/index.php\/wp-json\/wp\/v2\/product"}],"about":[{"href":"https:\/\/klisemakinesi.com\/index.php\/wp-json\/wp\/v2\/types\/product"}],"replies":[{"embeddable":true,"href":"https:\/\/klisemakinesi.com\/index.php\/wp-json\/wp\/v2\/comments?post=1434"}],"wp:featuredmedia":[{"embeddable":true,"href":"https:\/\/klisemakinesi.com\/index.php\/wp-json\/wp\/v2\/media\/1436"}],"wp:attachment":[{"href":"https:\/\/klisemakinesi.com\/index.php\/wp-json\/wp\/v2\/media?parent=1434"}],"wp:term":[{"taxonomy":"product_cat","embeddable":true,"href":"https:\/\/klisemakinesi.com\/index.php\/wp-json\/wp\/v2\/product_cat?post=1434"},{"taxonomy":"product_tag","embeddable":true,"href":"https:\/\/klisemakinesi.com\/index.php\/wp-json\/wp\/v2\/product_tag?post=1434"}],"curies":[{"name":"wp","href":"https:\/\/api.w.org\/{rel}","templated":true}]}}